{"id":937,"date":"2020-07-01T20:51:46","date_gmt":"2020-07-01T18:51:46","guid":{"rendered":"https:\/\/xn--bckerei-veloso-5hb.de\/products\/"},"modified":"2020-07-02T19:04:16","modified_gmt":"2020-07-02T17:04:16","slug":"products","status":"publish","type":"page","link":"https:\/\/xn--bckerei-veloso-5hb.de\/en\/products\/","title":{"rendered":"Products"},"content":{"rendered":"<p><div class=\"three-cols\" id=\"\">\r\n\t\t\t\t\t<div class=\"cols-thumb\"><img src=\"https:\/\/xn--bckerei-veloso-5hb.de\/wp-content\/uploads\/2020\/05\/B\u00e4ckerei_Veloso_K\u00f6stliches_Minigeb\u00e4ck.jpg\"><\/div>\r\n\t\t\t\t\t<div class=\"cols-desc\">\r\n\t\t\t\t\t\t<h3><a href=\"https:\/\/b\u00e4ckerei-veloso.de\/en\/sweet-treats\/\">Sweet treats<\/a><\/h3>\r\n\t\t\t\t\t\t<p>In our family business we produce a rich selection of small and large delicacies every day. From the classic Pasteis de Nata, Coco, Nozes, Laranja &#8211; we make everything ourselves.<\/p>\n<p><\/p>\r\n\t\t\t\t\t<\/div>\t\t\t\t\t\t\r\n\t\t\t\t<\/div><div class=\"three-cols\" id=\"\">\r\n\t\t\t\t\t<div class=\"cols-thumb\"><img src=\"https:\/\/xn--bckerei-veloso-5hb.de\/wp-content\/uploads\/2020\/05\/B\u00e4ckerei_Veloso_Brotkorb-1.jpg\"><\/div>\r\n\t\t\t\t\t<div class=\"cols-desc\">\r\n\t\t\t\t\t\t<h3><a href=\"https:\/\/b\u00e4ckerei-veloso.de\/en\/fresh-bread\/\">Fresh bread<\/a><\/h3>\r\n\t\t\t\t\t\t<p>In our family business we produce a rich selection of small and large delicacies every day. We make bread like our corn bread, Portuguese bread and rolls like our famous Omaha rolls.<\/p>\n<p><\/p>\r\n\t\t\t\t\t<\/div>\t\t\t\t\t\t\r\n\t\t\t\t<\/div><div class=\"three-cols\" id=\"last\">\r\n\t\t\t\t\t<div class=\"cols-thumb\"><img src=\"https:\/\/xn--bckerei-veloso-5hb.de\/wp-content\/uploads\/2020\/05\/B\u00e4ckerei_Veloso_Burger_Buns_mit_schwarzer_und_wei\u00dfen_Sesam.jpg\"><\/div>\r\n\t\t\t\t\t<div class=\"cols-desc\">\r\n\t\t\t\t\t\t<h3><a href=\"https:\/\/b\u00e4ckerei-veloso.de\/en\/burger-buns\/\">Burger Buns<\/a><\/h3>\r\n\t\t\t\t\t\t<p>We supply the most famous burger shops in and around Hamburg with our Burger Buns with black and white sesame seeds and the classic Brioche Buns. We make everything ourselves.<br \/>\n<\/p>\r\n\t\t\t\t\t<\/div>\t\t\t\t\t\t\r\n\t\t\t\t<\/div><\/p>\n","protected":false},"excerpt":{"rendered":"","protected":false},"author":1,"featured_media":0,"parent":0,"menu_order":0,"comment_status":"closed","ping_status":"closed","template":"template-full-width.php","meta":[],"yoast_head":"<!-- This site is optimized with the Yoast SEO plugin v14.2 - https:\/\/yoast.com\/wordpress\/plugins\/seo\/ -->\n<title>Products - b\u00e4ckerei-veloso.de<\/title>\n<meta name=\"robots\" content=\"index, follow\" \/>\n<meta name=\"googlebot\" content=\"index, follow, max-snippet:-1, max-image-preview:large, max-video-preview:-1\" \/>\n<meta name=\"bingbot\" content=\"index, follow, max-snippet:-1, max-image-preview:large, max-video-preview:-1\" \/>\n<link rel=\"canonical\" href=\"https:\/\/xn--bckerei-veloso-5hb.de\/en\/products\/\" \/>\n<meta property=\"og:locale\" content=\"en_US\" \/>\n<meta property=\"og:type\" content=\"article\" \/>\n<meta property=\"og:title\" content=\"Products - b\u00e4ckerei-veloso.de\" \/>\n<meta property=\"og:url\" content=\"https:\/\/xn--bckerei-veloso-5hb.de\/en\/products\/\" \/>\n<meta property=\"og:site_name\" content=\"b\u00e4ckerei-veloso.de\" \/>\n<meta property=\"article:modified_time\" content=\"2020-07-02T17:04:16+00:00\" \/>\n<meta name=\"twitter:card\" content=\"summary_large_image\" \/>\n<script type=\"application\/ld+json\" class=\"yoast-schema-graph\">{\"@context\":\"https:\/\/schema.org\",\"@graph\":[{\"@type\":\"WebSite\",\"@id\":\"https:\/\/xn--bckerei-veloso-5hb.de\/en\/#website\",\"url\":\"https:\/\/xn--bckerei-veloso-5hb.de\/en\/\",\"name\":\"b\\u00e4ckerei-veloso.de\",\"description\":\"Ein Familienbetrieb\",\"potentialAction\":[{\"@type\":\"SearchAction\",\"target\":\"https:\/\/xn--bckerei-veloso-5hb.de\/en\/?s={search_term_string}\",\"query-input\":\"required name=search_term_string\"}],\"inLanguage\":\"en-US\"},{\"@type\":\"WebPage\",\"@id\":\"https:\/\/xn--bckerei-veloso-5hb.de\/en\/products\/#webpage\",\"url\":\"https:\/\/xn--bckerei-veloso-5hb.de\/en\/products\/\",\"name\":\"Products - b\\u00e4ckerei-veloso.de\",\"isPartOf\":{\"@id\":\"https:\/\/xn--bckerei-veloso-5hb.de\/en\/#website\"},\"datePublished\":\"2020-07-01T18:51:46+00:00\",\"dateModified\":\"2020-07-02T17:04:16+00:00\",\"inLanguage\":\"en-US\",\"potentialAction\":[{\"@type\":\"ReadAction\",\"target\":[\"https:\/\/xn--bckerei-veloso-5hb.de\/en\/products\/\"]}]}]}<\/script>\n<!-- \/ Yoast SEO plugin. -->","_links":{"self":[{"href":"https:\/\/xn--bckerei-veloso-5hb.de\/en\/wp-json\/wp\/v2\/pages\/937"}],"collection":[{"href":"https:\/\/xn--bckerei-veloso-5hb.de\/en\/wp-json\/wp\/v2\/pages"}],"about":[{"href":"https:\/\/xn--bckerei-veloso-5hb.de\/en\/wp-json\/wp\/v2\/types\/page"}],"author":[{"embeddable":true,"href":"https:\/\/xn--bckerei-veloso-5hb.de\/en\/wp-json\/wp\/v2\/users\/1"}],"replies":[{"embeddable":true,"href":"https:\/\/xn--bckerei-veloso-5hb.de\/en\/wp-json\/wp\/v2\/comments?post=937"}],"version-history":[{"count":2,"href":"https:\/\/xn--bckerei-veloso-5hb.de\/en\/wp-json\/wp\/v2\/pages\/937\/revisions"}],"predecessor-version":[{"id":1038,"href":"https:\/\/xn--bckerei-veloso-5hb.de\/en\/wp-json\/wp\/v2\/pages\/937\/revisions\/1038"}],"wp:attachment":[{"href":"https:\/\/xn--bckerei-veloso-5hb.de\/en\/wp-json\/wp\/v2\/media?parent=937"}],"curies":[{"name":"wp","href":"https:\/\/api.w.org\/{rel}","templated":true}]}}