{"id":918,"date":"2020-07-01T20:34:26","date_gmt":"2020-07-01T18:34:26","guid":{"rendered":"https:\/\/xn--bckerei-veloso-5hb.de\/sweet-treats\/"},"modified":"2020-07-01T20:34:26","modified_gmt":"2020-07-01T18:34:26","slug":"sweet-treats","status":"publish","type":"page","link":"https:\/\/xn--bckerei-veloso-5hb.de\/en\/sweet-treats\/","title":{"rendered":"Sweet treats"},"content":{"rendered":"<p><div class=\"three-cols\" id=\"\">\r\n\t\t\t\t\t<div class=\"cols-thumb\"><img src=\"https:\/\/xn--bckerei-veloso-5hb.de\/wp-content\/uploads\/2020\/05\/B\u00e4ckerei_Veloso_K\u00f6stliches_Minigeb\u00e4ck.jpg\"><\/div>\r\n\t\t\t\t\t<div class=\"cols-desc\">\r\n\t\t\t\t\t\t<h3><a href=\"#\">Mixed Natas<\/a><\/h3>\r\n\t\t\t\t\t\t<p>In our family business we produce a rich selection of small and large delicacies every day. From the classic Pasteis de Nata, Coco, Nozes, Laranja.<\/p>\n<p><\/p>\r\n\t\t\t\t\t<\/div>\t\t\t\t\t\t\r\n\t\t\t\t<\/div><div class=\"three-cols\" id=\"\">\r\n\t\t\t\t\t<div class=\"cols-thumb\"><img src=\"https:\/\/xn--bckerei-veloso-5hb.de\/wp-content\/uploads\/2020\/05\/B\u00e4ckerei_Veloso_Croisonts.jpg\"><\/div>\r\n\t\t\t\t\t<div class=\"cols-desc\">\r\n\t\t\t\t\t\t<h3><a href=\"#\">Croissants<\/a><\/h3>\r\n\t\t\t\t\t\t<p>The croissants are made from an Alb brioche puff pastry with Portuguese cream and chocolate. We make the croissants by hand with Portuguese care.<\/p>\n<p><\/p>\r\n\t\t\t\t\t<\/div>\t\t\t\t\t\t\r\n\t\t\t\t<\/div><div class=\"three-cols\" id=\"last\">\r\n\t\t\t\t\t<div class=\"cols-thumb\"><img src=\"https:\/\/xn--bckerei-veloso-5hb.de\/wp-content\/uploads\/2020\/05\/B\u00e4ckerei_Veloso_Franzbr\u00f6tchen.jpg\"><\/div>\r\n\t\t\t\t\t<div class=\"cols-desc\">\r\n\t\t\t\t\t\t<h3><a href=\"#\">Franzbr\u00f6tchen<\/a><\/h3>\r\n\t\t\t\t\t\t<p>Franzbr\u00f6tchen is the recipe from the former baker Niemeyer from Hamburg. The French rolls are sold fresh at the Veloso bakery and Caf\u00e9 Veloso.<br \/>\n<\/p>\r\n\t\t\t\t\t<\/div>\t\t\t\t\t\t\r\n\t\t\t\t<\/div><\/p>\n<div class=\"clear\"><\/div>\n<p><div class=\"three-cols\" id=\"\">\r\n\t\t\t\t\t<div class=\"cols-thumb\"><img src=\"https:\/\/xn--bckerei-veloso-5hb.de\/wp-content\/uploads\/2020\/05\/B\u00e4ckerei_Veloso_Natas.jpg\"><\/div>\r\n\t\t\t\t\t<div class=\"cols-desc\">\r\n\t\t\t\t\t\t<h3><a href=\"#\">Natas<\/a><\/h3>\r\n\t\t\t\t\t\t<p>Natas are a Portuguese speciality made of handmade puff pastry. The pudding is a secret of the Veloso family.<\/p>\n<p><\/p>\r\n\t\t\t\t\t<\/div>\t\t\t\t\t\t\r\n\t\t\t\t<\/div><div class=\"three-cols\" id=\"\">\r\n\t\t\t\t\t<div class=\"cols-thumb\"><img src=\"https:\/\/xn--bckerei-veloso-5hb.de\/wp-content\/uploads\/2020\/05\/B\u00e4ckerei_Veloso_Kuchen.jpg\"><\/div>\r\n\t\t\t\t\t<div class=\"cols-desc\">\r\n\t\t\t\t\t\t<h3><a href=\"#\">Cake<\/a><\/h3>\r\n\t\t\t\t\t\t<p>The cakes are homemade and can be made as desired for your family party or event.<\/p>\n<p><\/p>\r\n\t\t\t\t\t<\/div>\t\t\t\t\t\t\r\n\t\t\t\t<\/div><div class=\"three-cols\" id=\"last\">\r\n\t\t\t\t\t<div class=\"cols-thumb\"><img src=\"https:\/\/xn--bckerei-veloso-5hb.de\/wp-content\/uploads\/2020\/05\/B\u00e4ckerei_Veloso_Mandeltorte.jpg\"><\/div>\r\n\t\t\t\t\t<div class=\"cols-desc\">\r\n\t\t\t\t\t\t<h3><a href=\"#\">Almond torte<\/a><\/h3>\r\n\t\t\t\t\t\t<p>The Portuguese almond cake consists of a special baker&#8217;s cream.<\/p>\n<p><\/p>\r\n\t\t\t\t\t<\/div>\t\t\t\t\t\t\r\n\t\t\t\t<\/div><\/p>\n<p>&nbsp;<\/p>\n<p><div class=\"three-cols\" id=\"\">\r\n\t\t\t\t\t<div class=\"cols-thumb\"><img src=\"https:\/\/xn--bckerei-veloso-5hb.de\/wp-content\/uploads\/2020\/05\/B\u00e4ckerei_Veloso_Fr\u00fcchtebl\u00e4tterteigtorte.jpg\"><\/div>\r\n\t\t\t\t\t<div class=\"cols-desc\">\r\n\t\t\t\t\t\t<h3><a href=\"#\">Fruit puff pastry cake<\/a><\/h3>\r\n\t\t\t\t\t\t<p>The fruit puff pie is homemade.<\/p>\n<p><\/p>\r\n\t\t\t\t\t<\/div>\t\t\t\t\t\t\r\n\t\t\t\t<\/div><div class=\"three-cols\" id=\"\">\r\n\t\t\t\t\t<div class=\"cols-thumb\"><img src=\"https:\/\/xn--bckerei-veloso-5hb.de\/wp-content\/uploads\/2020\/05\/B\u00e4ckerei_Veloso_Chantilly_Schokostreu\u00dfel.jpg\"><\/div>\r\n\t\t\t\t\t<div class=\"cols-desc\">\r\n\t\t\t\t\t\t<h3><a href=\"#\">Chantilly with chocolate sprinkles<\/a><\/h3>\r\n\t\t\t\t\t\t<p>The Chantilly with chocolate sprinkles is covered with fruit.<\/p>\n<p><\/p>\r\n\t\t\t\t\t<\/div>\t\t\t\t\t\t\r\n\t\t\t\t<\/div><div class=\"three-cols\" id=\"last\">\r\n\t\t\t\t\t<div class=\"cols-thumb\"><img src=\"https:\/\/xn--bckerei-veloso-5hb.de\/wp-content\/uploads\/2020\/05\/B\u00e4ckerei_Veloso_Osterkuchen_Pao_de_lo.jpg\"><\/div>\r\n\t\t\t\t\t<div class=\"cols-desc\">\r\n\t\t\t\t\t\t<h3><a href=\"#\">Easter cake - Pao de lo<\/a><\/h3>\r\n\t\t\t\t\t\t<p>The Easter cake is a moist biscuit.<\/p>\n<p><\/p>\r\n\t\t\t\t\t<\/div>\t\t\t\t\t\t\r\n\t\t\t\t<\/div><\/p>\n<div class=\"clear\"><\/div>\n","protected":false},"excerpt":{"rendered":"<p>&nbsp;<\/p>\n","protected":false},"author":1,"featured_media":0,"parent":0,"menu_order":0,"comment_status":"closed","ping_status":"closed","template":"template-full-width.php","meta":[],"yoast_head":"<!-- This site is optimized with the Yoast SEO plugin v14.2 - https:\/\/yoast.com\/wordpress\/plugins\/seo\/ -->\n<title>Sweet treats - b\u00e4ckerei-veloso.de<\/title>\n<meta name=\"robots\" content=\"index, follow\" \/>\n<meta name=\"googlebot\" content=\"index, follow, max-snippet:-1, max-image-preview:large, max-video-preview:-1\" \/>\n<meta name=\"bingbot\" content=\"index, follow, max-snippet:-1, max-image-preview:large, max-video-preview:-1\" \/>\n<link rel=\"canonical\" href=\"https:\/\/xn--bckerei-veloso-5hb.de\/en\/sweet-treats\/\" \/>\n<meta property=\"og:locale\" content=\"en_US\" \/>\n<meta property=\"og:type\" content=\"article\" \/>\n<meta property=\"og:title\" content=\"Sweet treats - b\u00e4ckerei-veloso.de\" \/>\n<meta property=\"og:description\" content=\"&nbsp;\" \/>\n<meta property=\"og:url\" content=\"https:\/\/xn--bckerei-veloso-5hb.de\/en\/sweet-treats\/\" \/>\n<meta property=\"og:site_name\" content=\"b\u00e4ckerei-veloso.de\" \/>\n<meta name=\"twitter:card\" content=\"summary_large_image\" \/>\n<script type=\"application\/ld+json\" class=\"yoast-schema-graph\">{\"@context\":\"https:\/\/schema.org\",\"@graph\":[{\"@type\":\"WebSite\",\"@id\":\"https:\/\/xn--bckerei-veloso-5hb.de\/en\/#website\",\"url\":\"https:\/\/xn--bckerei-veloso-5hb.de\/en\/\",\"name\":\"b\\u00e4ckerei-veloso.de\",\"description\":\"Ein Familienbetrieb\",\"potentialAction\":[{\"@type\":\"SearchAction\",\"target\":\"https:\/\/xn--bckerei-veloso-5hb.de\/en\/?s={search_term_string}\",\"query-input\":\"required name=search_term_string\"}],\"inLanguage\":\"en-US\"},{\"@type\":\"WebPage\",\"@id\":\"https:\/\/xn--bckerei-veloso-5hb.de\/en\/sweet-treats\/#webpage\",\"url\":\"https:\/\/xn--bckerei-veloso-5hb.de\/en\/sweet-treats\/\",\"name\":\"Sweet treats - b\\u00e4ckerei-veloso.de\",\"isPartOf\":{\"@id\":\"https:\/\/xn--bckerei-veloso-5hb.de\/en\/#website\"},\"datePublished\":\"2020-07-01T18:34:26+00:00\",\"dateModified\":\"2020-07-01T18:34:26+00:00\",\"inLanguage\":\"en-US\",\"potentialAction\":[{\"@type\":\"ReadAction\",\"target\":[\"https:\/\/xn--bckerei-veloso-5hb.de\/en\/sweet-treats\/\"]}]}]}<\/script>\n<!-- \/ Yoast SEO plugin. -->","_links":{"self":[{"href":"https:\/\/xn--bckerei-veloso-5hb.de\/en\/wp-json\/wp\/v2\/pages\/918"}],"collection":[{"href":"https:\/\/xn--bckerei-veloso-5hb.de\/en\/wp-json\/wp\/v2\/pages"}],"about":[{"href":"https:\/\/xn--bckerei-veloso-5hb.de\/en\/wp-json\/wp\/v2\/types\/page"}],"author":[{"embeddable":true,"href":"https:\/\/xn--bckerei-veloso-5hb.de\/en\/wp-json\/wp\/v2\/users\/1"}],"replies":[{"embeddable":true,"href":"https:\/\/xn--bckerei-veloso-5hb.de\/en\/wp-json\/wp\/v2\/comments?post=918"}],"version-history":[{"count":0,"href":"https:\/\/xn--bckerei-veloso-5hb.de\/en\/wp-json\/wp\/v2\/pages\/918\/revisions"}],"wp:attachment":[{"href":"https:\/\/xn--bckerei-veloso-5hb.de\/en\/wp-json\/wp\/v2\/media?parent=918"}],"curies":[{"name":"wp","href":"https:\/\/api.w.org\/{rel}","templated":true}]}}