{"id":1035,"date":"2020-07-01T22:02:06","date_gmt":"2020-07-01T20:02:06","guid":{"rendered":"https:\/\/xn--bckerei-veloso-5hb.de\/fresh-bread\/"},"modified":"2020-07-01T22:02:06","modified_gmt":"2020-07-01T20:02:06","slug":"fresh-bread","status":"publish","type":"page","link":"https:\/\/xn--bckerei-veloso-5hb.de\/en\/fresh-bread\/","title":{"rendered":"Fresh bread"},"content":{"rendered":"<p><div class=\"three-cols\" id=\"\">\r\n\t\t\t\t\t<div class=\"cols-thumb\"><img src=\"https:\/\/xn--bckerei-veloso-5hb.de\/wp-content\/uploads\/2020\/05\/B\u00e4cker_Veloso_Portugiesisches_Brot.jpg\"><\/div>\r\n\t\t\t\t\t<div class=\"cols-desc\">\r\n\t\t\t\t\t\t<h3><a href=\"#\">Portuguese bread<\/a><\/h3>\r\n\t\t\t\t\t\t<p>Portuguese bread is made from sourdough.<\/p>\n<p><\/p>\r\n\t\t\t\t\t<\/div>\t\t\t\t\t\t\r\n\t\t\t\t<\/div><div class=\"three-cols\" id=\"\">\r\n\t\t\t\t\t<div class=\"cols-thumb\"><img src=\"https:\/\/xn--bckerei-veloso-5hb.de\/wp-content\/uploads\/2020\/05\/B\u00e4cker_Veloso_Maisbrot.jpg\"><\/div>\r\n\t\t\t\t\t<div class=\"cols-desc\">\r\n\t\t\t\t\t\t<h3><a href=\"#\">Corn bread<\/a><\/h3>\r\n\t\t\t\t\t\t<p>Corn bread is a typical Portuguese bread and is usually eaten with fish.<\/p>\n<p><\/p>\r\n\t\t\t\t\t<\/div>\t\t\t\t\t\t\r\n\t\t\t\t<\/div><div class=\"three-cols\" id=\"last\">\r\n\t\t\t\t\t<div class=\"cols-thumb\"><img src=\"https:\/\/xn--bckerei-veloso-5hb.de\/wp-content\/uploads\/2020\/05\/B\u00e4ckerei_Veloso_Portugiesisches_Toastbrot.jpg\"><\/div>\r\n\t\t\t\t\t<div class=\"cols-desc\">\r\n\t\t\t\t\t\t<h3><a href=\"#\">Toast<\/a><\/h3>\r\n\t\t\t\t\t\t<p> The toast is to prepare and toast yourself.<\/p>\r\n\t\t\t\t\t<\/div>\t\t\t\t\t\t\r\n\t\t\t\t<\/div><\/p>\n<div class=\"clear\"><\/div>\n<p><div class=\"three-cols\" id=\"\">\r\n\t\t\t\t\t<div class=\"cols-thumb\"><img src=\"https:\/\/xn--bckerei-veloso-5hb.de\/wp-content\/uploads\/2020\/05\/B\u00e4cker_Veloso_Portugiesisches_Brot.jpg\"><\/div>\r\n\t\t\t\t\t<div class=\"cols-desc\">\r\n\t\t\t\t\t\t<h3><a href=\"#\">Portuguese bread<\/a><\/h3>\r\n\t\t\t\t\t\t<p>Portuguese bread is made from sourdough.<\/p>\n<p><\/p>\r\n\t\t\t\t\t<\/div>\t\t\t\t\t\t\r\n\t\t\t\t<\/div><div class=\"three-cols\" id=\"\">\r\n\t\t\t\t\t<div class=\"cols-thumb\"><img src=\"https:\/\/xn--bckerei-veloso-5hb.de\/wp-content\/uploads\/2020\/05\/B\u00e4cker_Veloso_Roggenbrot.jpg\"><\/div>\r\n\t\t\t\t\t<div class=\"cols-desc\">\r\n\t\t\t\t\t\t<h3><a href=\"#\">Roggenbrot<\/a><\/h3>\r\n\t\t\t\t\t\t<p>Rye bread is a typical Portuguese bread.<\/p>\n<p><\/p>\r\n\t\t\t\t\t<\/div>\t\t\t\t\t\t\r\n\t\t\t\t<\/div><div class=\"three-cols\" id=\"last\">\r\n\t\t\t\t\t<div class=\"cols-thumb\"><img src=\"https:\/\/xn--bckerei-veloso-5hb.de\/wp-content\/uploads\/2020\/05\/B\u00e4cker_Veloso_Tornescher_Brot.jpg\"><\/div>\r\n\t\t\t\t\t<div class=\"cols-desc\">\r\n\t\t\t\t\t\t<h3><a href=\"#\">Tornescher bread<\/a><\/h3>\r\n\t\t\t\t\t\t<p>Tornescher Brot is a recipe with sourdough and rye flour. The recipe comes from Manuel Veloso.<\/p>\n<p><\/p>\r\n\t\t\t\t\t<\/div>\t\t\t\t\t\t\r\n\t\t\t\t<\/div><\/p>\n<p>&nbsp;<\/p>\n<p><div class=\"three-cols\" id=\"\">\r\n\t\t\t\t\t<div class=\"cols-thumb\"><img src=\"https:\/\/xn--bckerei-veloso-5hb.de\/wp-content\/uploads\/2020\/05\/B\u00e4cker_Veloso_Topfbrot.jpg\"><\/div>\r\n\t\t\t\t\t<div class=\"cols-desc\">\r\n\t\t\t\t\t\t<h3><a href=\"#\">Potato bread<\/a><\/h3>\r\n\t\t\t\t\t\t<p>The potted bread is an ancient recipe from the Veloso family and we baked in a pot.<\/p>\n<p><\/p>\r\n\t\t\t\t\t<\/div>\t\t\t\t\t\t\r\n\t\t\t\t<\/div><div class=\"three-cols\" id=\"\">\r\n\t\t\t\t\t<div class=\"cols-thumb\"><img src=\"https:\/\/xn--bckerei-veloso-5hb.de\/wp-content\/uploads\/2020\/05\/B\u00e4cker_Veloso_Omabr\u00f6tchen.jpg\"><\/div>\r\n\t\t\t\t\t<div class=\"cols-desc\">\r\n\t\t\t\t\t\t<h3><a href=\"#\">Omega buns<\/a><\/h3>\r\n\t\t\t\t\t\t<p>The Omaha roll is a very ancient recipe from the Veloso family.<\/p>\n<p><\/p>\r\n\t\t\t\t\t<\/div>\t\t\t\t\t\t\r\n\t\t\t\t<\/div><div class=\"three-cols\" id=\"last\">\r\n\t\t\t\t\t<div class=\"cols-thumb\"><img src=\"https:\/\/xn--bckerei-veloso-5hb.de\/wp-content\/uploads\/2020\/05\/B\u00e4ckerei_Veloso_Tigerbr\u00f6tchen.jpeg\"><\/div>\r\n\t\t\t\t\t<div class=\"cols-desc\">\r\n\t\t\t\t\t\t<h3><a href=\"#\">Tiger roll<\/a><\/h3>\r\n\t\t\t\t\t\t<p>The tiger roll is crispy baked.<\/p>\n<p><\/p>\r\n\t\t\t\t\t<\/div>\t\t\t\t\t\t\r\n\t\t\t\t<\/div><\/p>\n<p>&nbsp;<\/p>\n<p><div class=\"three-cols\" id=\"\">\r\n\t\t\t\t\t<div class=\"cols-thumb\"><img src=\"https:\/\/xn--bckerei-veloso-5hb.de\/wp-content\/uploads\/2020\/06\/B\u00e4ckerei_Veloso_Br\u00f6tchen_Portugiesisches_Br\u00f6ttchen_Rosmarinbr\u00f6tchen.jpg\"><\/div>\r\n\t\t\t\t\t<div class=\"cols-desc\">\r\n\t\t\t\t\t\t<h3><a href=\"#\">Ciabatta, Portuguese rolls and rosemary rolls<\/a><\/h3>\r\n\t\t\t\t\t\t<p>We offer you the Portuguese Ciabatta with and without rosemary. You can get the famous grandpa or grandma rolls from us.<\/p>\n<p><\/p>\r\n\t\t\t\t\t<\/div>\t\t\t\t\t\t\r\n\t\t\t\t<\/div><div class=\"three-cols\" id=\"\">\r\n\t\t\t\t\t<div class=\"cols-thumb\"><img src=\"https:\/\/xn--bckerei-veloso-5hb.de\/wp-content\/uploads\/2020\/06\/B\u00e4ckerei_Veloso_Br\u00f6tchen_Opabr\u00f6tchen_Rosmarinbr\u00f6tchen.jpg\"><\/div>\r\n\t\t\t\t\t<div class=\"cols-desc\">\r\n\t\t\t\t\t\t<h3><a href=\"#\">Grandpa's buns<\/a><\/h3>\r\n\t\t\t\t\t\t<p>The Opabr\u00f6tchen is an ancient recipe from the Veloso family. The rosemary roll is mixed with rosemary and is made of sourdough.<\/p>\n<p><\/p>\r\n\t\t\t\t\t<\/div>\t\t\t\t\t\t\r\n\t\t\t\t<\/div><div class=\"three-cols\" id=\"last\">\r\n\t\t\t\t\t<div class=\"cols-thumb\"><img src=\"https:\/\/xn--bckerei-veloso-5hb.de\/wp-content\/uploads\/2020\/06\/B\u00e4ckerei_Veloso_Br\u00f6tchen_Portugiesische_Rosmarin_Ciabatta.jpg\"><\/div>\r\n\t\t\t\t\t<div class=\"cols-desc\">\r\n\t\t\t\t\t\t<h3><a href=\"#\">Portuguese ciabatta<\/a><\/h3>\r\n\t\t\t\t\t\t<p>We offer the Portuguese Ciabatta with and without rosemary. The rosemary ciabatta is mixed with rosemary and is made from sourdough.<\/p>\n<p><\/p>\r\n\t\t\t\t\t<\/div>\t\t\t\t\t\t\r\n\t\t\t\t<\/div><\/p>\n<div class=\"clear\"><\/div>\n","protected":false},"excerpt":{"rendered":"<p>&nbsp; &nbsp;<\/p>\n","protected":false},"author":1,"featured_media":0,"parent":0,"menu_order":0,"comment_status":"closed","ping_status":"closed","template":"template-full-width.php","meta":[],"yoast_head":"<!-- This site is optimized with the Yoast SEO plugin v14.2 - https:\/\/yoast.com\/wordpress\/plugins\/seo\/ -->\n<title>Fresh bread - b\u00e4ckerei-veloso.de<\/title>\n<meta name=\"robots\" content=\"index, follow\" \/>\n<meta name=\"googlebot\" content=\"index, follow, max-snippet:-1, max-image-preview:large, max-video-preview:-1\" \/>\n<meta name=\"bingbot\" content=\"index, follow, max-snippet:-1, max-image-preview:large, max-video-preview:-1\" \/>\n<link rel=\"canonical\" href=\"https:\/\/xn--bckerei-veloso-5hb.de\/en\/fresh-bread\/\" \/>\n<meta property=\"og:locale\" content=\"en_US\" \/>\n<meta property=\"og:type\" content=\"article\" \/>\n<meta property=\"og:title\" content=\"Fresh bread - b\u00e4ckerei-veloso.de\" \/>\n<meta property=\"og:description\" content=\"&nbsp; &nbsp;\" \/>\n<meta property=\"og:url\" content=\"https:\/\/xn--bckerei-veloso-5hb.de\/en\/fresh-bread\/\" \/>\n<meta property=\"og:site_name\" content=\"b\u00e4ckerei-veloso.de\" \/>\n<meta name=\"twitter:card\" content=\"summary_large_image\" \/>\n<script type=\"application\/ld+json\" class=\"yoast-schema-graph\">{\"@context\":\"https:\/\/schema.org\",\"@graph\":[{\"@type\":\"WebSite\",\"@id\":\"https:\/\/xn--bckerei-veloso-5hb.de\/en\/#website\",\"url\":\"https:\/\/xn--bckerei-veloso-5hb.de\/en\/\",\"name\":\"b\\u00e4ckerei-veloso.de\",\"description\":\"Ein Familienbetrieb\",\"potentialAction\":[{\"@type\":\"SearchAction\",\"target\":\"https:\/\/xn--bckerei-veloso-5hb.de\/en\/?s={search_term_string}\",\"query-input\":\"required name=search_term_string\"}],\"inLanguage\":\"en-US\"},{\"@type\":\"WebPage\",\"@id\":\"https:\/\/xn--bckerei-veloso-5hb.de\/en\/fresh-bread\/#webpage\",\"url\":\"https:\/\/xn--bckerei-veloso-5hb.de\/en\/fresh-bread\/\",\"name\":\"Fresh bread - b\\u00e4ckerei-veloso.de\",\"isPartOf\":{\"@id\":\"https:\/\/xn--bckerei-veloso-5hb.de\/en\/#website\"},\"datePublished\":\"2020-07-01T20:02:06+00:00\",\"dateModified\":\"2020-07-01T20:02:06+00:00\",\"inLanguage\":\"en-US\",\"potentialAction\":[{\"@type\":\"ReadAction\",\"target\":[\"https:\/\/xn--bckerei-veloso-5hb.de\/en\/fresh-bread\/\"]}]}]}<\/script>\n<!-- \/ Yoast SEO plugin. -->","_links":{"self":[{"href":"https:\/\/xn--bckerei-veloso-5hb.de\/en\/wp-json\/wp\/v2\/pages\/1035"}],"collection":[{"href":"https:\/\/xn--bckerei-veloso-5hb.de\/en\/wp-json\/wp\/v2\/pages"}],"about":[{"href":"https:\/\/xn--bckerei-veloso-5hb.de\/en\/wp-json\/wp\/v2\/types\/page"}],"author":[{"embeddable":true,"href":"https:\/\/xn--bckerei-veloso-5hb.de\/en\/wp-json\/wp\/v2\/users\/1"}],"replies":[{"embeddable":true,"href":"https:\/\/xn--bckerei-veloso-5hb.de\/en\/wp-json\/wp\/v2\/comments?post=1035"}],"version-history":[{"count":0,"href":"https:\/\/xn--bckerei-veloso-5hb.de\/en\/wp-json\/wp\/v2\/pages\/1035\/revisions"}],"wp:attachment":[{"href":"https:\/\/xn--bckerei-veloso-5hb.de\/en\/wp-json\/wp\/v2\/media?parent=1035"}],"curies":[{"name":"wp","href":"https:\/\/api.w.org\/{rel}","templated":true}]}}